{"id":76,"date":"2021-12-27T09:52:18","date_gmt":"2021-12-27T09:52:18","guid":{"rendered":"https:\/\/demosites.royal-elementor-addons.com\/portfolio-v1\/?page_id=76"},"modified":"2026-03-23T15:59:29","modified_gmt":"2026-03-23T15:59:29","slug":"about-2","status":"publish","type":"page","link":"https:\/\/rfj.art.br\/pt\/about-2\/","title":{"rendered":"About"},"content":{"rendered":"\t\t<div data-elementor-type=\"wp-page\" data-elementor-id=\"76\" class=\"elementor elementor-76\">\n\t\t\t\t\t\t<section class=\"elementor-section elementor-top-section elementor-element elementor-element-b367c58 elementor-section-boxed elementor-section-height-default elementor-section-height-default wpr-particle-no wpr-jarallax-no wpr-parallax-no wpr-sticky-section-no\" data-id=\"b367c58\" data-element_type=\"section\" data-e-type=\"section\" data-settings=\"{&quot;background_background&quot;:&quot;classic&quot;}\">\n\t\t\t\t\t\t\t<div class=\"elementor-background-overlay\"><\/div>\n\t\t\t\t\t\t\t<div class=\"elementor-container elementor-column-gap-default\">\n\t\t\t\t\t<div class=\"elementor-column elementor-col-100 elementor-top-column elementor-element elementor-element-112f10b\" data-id=\"112f10b\" data-element_type=\"column\" data-e-type=\"column\">\n\t\t\t<div class=\"elementor-widget-wrap elementor-element-populated\">\n\t\t\t\t\t\t<div class=\"elementor-element elementor-element-96b0967 elementor-widget elementor-widget-heading\" data-id=\"96b0967\" data-element_type=\"widget\" data-e-type=\"widget\" data-widget_type=\"heading.default\">\n\t\t\t\t<div class=\"elementor-widget-container\">\n\t\t\t\t\t<h2 class=\"elementor-heading-title elementor-size-default\">About<\/h2>\t\t\t\t<\/div>\n\t\t\t\t<\/div>\n\t\t\t\t\t<\/div>\n\t\t<\/div>\n\t\t\t\t\t<\/div>\n\t\t<\/section>\n\t\t\t\t<section class=\"elementor-section elementor-top-section elementor-element elementor-element-74cf422 elementor-section-boxed elementor-section-height-default elementor-section-height-default wpr-particle-no wpr-jarallax-no wpr-parallax-no wpr-sticky-section-no\" data-id=\"74cf422\" data-element_type=\"section\" data-e-type=\"section\">\n\t\t\t\t\t\t<div class=\"elementor-container elementor-column-gap-wide\">\n\t\t\t\t\t<div class=\"elementor-column elementor-col-100 elementor-top-column elementor-element elementor-element-123f77d\" data-id=\"123f77d\" data-element_type=\"column\" data-e-type=\"column\">\n\t\t\t<div class=\"elementor-widget-wrap elementor-element-populated\">\n\t\t\t\t\t\t<div class=\"elementor-element elementor-element-736c3d4 elementor-widget elementor-widget-heading\" data-id=\"736c3d4\" data-element_type=\"widget\" data-e-type=\"widget\" data-widget_type=\"heading.default\">\n\t\t\t\t<div class=\"elementor-widget-container\">\n\t\t\t\t\t<h2 class=\"elementor-heading-title elementor-size-default\">My Story<\/h2>\t\t\t\t<\/div>\n\t\t\t\t<\/div>\n\t\t\t\t<div class=\"elementor-element elementor-element-1f254b8 elementor-widget elementor-widget-text-editor\" data-id=\"1f254b8\" data-element_type=\"widget\" data-e-type=\"widget\" data-widget_type=\"text-editor.default\">\n\t\t\t\t<div class=\"elementor-widget-container\">\n\t\t\t\t\t\t\t\t\t<p data-start=\"954\" data-end=\"1221\">Sou um ilustrador brasileiro atualmente baseado em Chicago, Estados Unidos. Minha trajet\u00f3ria criativa come\u00e7ou em 1990, atuando em est\u00fadios de design, ag\u00eancias de publicidade e bureaus de fotolito, onde desenvolvi uma base s\u00f3lida em artes gr\u00e1ficas e produ\u00e7\u00e3o impressa.<\/p><p data-start=\"1223\" data-end=\"1448\">Em 2003, fundei meu pr\u00f3prio est\u00fadio em Mar\u00edlia, S\u00e3o Paulo, com foco em design de embalagens e ilustra\u00e7\u00e3o. Desde ent\u00e3o, venho desenvolvendo solu\u00e7\u00f5es visuais que combinam criatividade, precis\u00e3o t\u00e9cnica e requisitos de produ\u00e7\u00e3o.<\/p><p data-start=\"1450\" data-end=\"1685\">Atualmente, trabalho com clientes de diferentes mercados, desenvolvendo ilustra\u00e7\u00f5es que equilibram est\u00e9tica, storytelling e aplica\u00e7\u00e3o pr\u00e1tica. Estou dispon\u00edvel para colabora\u00e7\u00f5es freelance em projetos de ilustra\u00e7\u00e3o e comunica\u00e7\u00e3o visual.<\/p>\t\t\t\t\t\t\t\t<\/div>\n\t\t\t\t<\/div>\n\t\t\t\t\t<\/div>\n\t\t<\/div>\n\t\t\t\t\t<\/div>\n\t\t<\/section>\n\t\t\t\t<section class=\"elementor-section elementor-top-section elementor-element elementor-element-fa5a536 elementor-section-boxed elementor-section-height-default elementor-section-height-default wpr-particle-no wpr-jarallax-no wpr-parallax-no wpr-sticky-section-no\" data-id=\"fa5a536\" data-element_type=\"section\" data-e-type=\"section\">\n\t\t\t\t\t\t<div class=\"elementor-container elementor-column-gap-wide\">\n\t\t\t\t\t<div class=\"elementor-column elementor-col-50 elementor-top-column elementor-element elementor-element-fac1ccb\" data-id=\"fac1ccb\" data-element_type=\"column\" data-e-type=\"column\">\n\t\t\t<div class=\"elementor-widget-wrap elementor-element-populated\">\n\t\t\t\t\t\t<div class=\"elementor-element elementor-element-2ec1418 elementor-widget elementor-widget-image\" data-id=\"2ec1418\" data-element_type=\"widget\" data-e-type=\"widget\" data-widget_type=\"image.default\">\n\t\t\t\t<div class=\"elementor-widget-container\">\n\t\t\t\t\t\t\t\t\t\t\t\t\t\t\t<img decoding=\"async\" src=\"https:\/\/rfj.art.br\/wp-content\/uploads\/elementor\/thumbs\/richards-rkxsmxx3h66d7t0ogxysbjcgrz5htmyftmz2gccot0.jpg\" title=\"richards\" alt=\"richards\" loading=\"lazy\" \/>\t\t\t\t\t\t\t\t\t\t\t\t\t\t\t<\/div>\n\t\t\t\t<\/div>\n\t\t\t\t\t<\/div>\n\t\t<\/div>\n\t\t\t\t<div class=\"elementor-column elementor-col-50 elementor-top-column elementor-element elementor-element-c9fe80a\" data-id=\"c9fe80a\" data-element_type=\"column\" data-e-type=\"column\">\n\t\t\t<div class=\"elementor-widget-wrap elementor-element-populated\">\n\t\t\t\t\t\t<section class=\"elementor-section elementor-inner-section elementor-element elementor-element-26eb7b0 elementor-section-boxed elementor-section-height-default elementor-section-height-default wpr-particle-no wpr-jarallax-no wpr-parallax-no wpr-sticky-section-no\" data-id=\"26eb7b0\" data-element_type=\"section\" data-e-type=\"section\">\n\t\t\t\t\t\t<div class=\"elementor-container elementor-column-gap-no\">\n\t\t\t\t\t<div class=\"elementor-column elementor-col-50 elementor-inner-column elementor-element elementor-element-2508310\" data-id=\"2508310\" data-element_type=\"column\" data-e-type=\"column\">\n\t\t\t<div class=\"elementor-widget-wrap elementor-element-populated\">\n\t\t\t\t\t\t<div class=\"elementor-element elementor-element-cc2bd92 elementor-widget-divider--view-line elementor-widget elementor-widget-divider\" data-id=\"cc2bd92\" data-element_type=\"widget\" data-e-type=\"widget\" data-widget_type=\"divider.default\">\n\t\t\t\t<div class=\"elementor-widget-container\">\n\t\t\t\t\t\t\t<div class=\"elementor-divider\">\n\t\t\t<span class=\"elementor-divider-separator\">\n\t\t\t\t\t\t<\/span>\n\t\t<\/div>\n\t\t\t\t\t\t<\/div>\n\t\t\t\t<\/div>\n\t\t\t\t\t<\/div>\n\t\t<\/div>\n\t\t\t\t<div class=\"elementor-column elementor-col-50 elementor-inner-column elementor-element elementor-element-b77edc2\" data-id=\"b77edc2\" data-element_type=\"column\" data-e-type=\"column\">\n\t\t\t<div class=\"elementor-widget-wrap elementor-element-populated\">\n\t\t\t\t\t\t<div class=\"elementor-element elementor-element-4458e63 elementor-widget elementor-widget-heading\" data-id=\"4458e63\" data-element_type=\"widget\" data-e-type=\"widget\" data-widget_type=\"heading.default\">\n\t\t\t\t<div class=\"elementor-widget-container\">\n\t\t\t\t\t<h2 class=\"elementor-heading-title elementor-size-default\">About Me<\/h2>\t\t\t\t<\/div>\n\t\t\t\t<\/div>\n\t\t\t\t\t<\/div>\n\t\t<\/div>\n\t\t\t\t\t<\/div>\n\t\t<\/section>\n\t\t\t\t<div class=\"elementor-element elementor-element-d5bf348 elementor-widget elementor-widget-heading\" data-id=\"d5bf348\" data-element_type=\"widget\" data-e-type=\"widget\" data-widget_type=\"heading.default\">\n\t\t\t\t<div class=\"elementor-widget-container\">\n\t\t\t\t\t<h2 class=\"elementor-heading-title elementor-size-default\">My Skills<\/h2>\t\t\t\t<\/div>\n\t\t\t\t<\/div>\n\t\t\t\t<div class=\"elementor-element elementor-element-a5db04b elementor-widget elementor-widget-text-editor\" data-id=\"a5db04b\" data-element_type=\"widget\" data-e-type=\"widget\" data-widget_type=\"text-editor.default\">\n\t\t\t\t<div class=\"elementor-widget-container\">\n\t\t\t\t\t\t\t\t\t<p data-start=\"810\" data-end=\"1038\">\u2022 Ilustra\u00e7\u00e3o para alimentos, produtos, personagens e branding<br data-start=\"1011\" data-end=\"1014\" \/>\u2022 Ilustra\u00e7\u00e3o tradicional combinada com processos digitais<br data-start=\"1071\" data-end=\"1074\" \/>\u2022 Forte foco em storytelling visual e impacto comercial<br data-start=\"1129\" data-end=\"1132\" \/>\u2022 Composi\u00e7\u00f5es ousadas voltadas para publicidade e embalagens<br data-start=\"1192\" data-end=\"1195\" \/>\u2022 T\u00e9cnicas vetoriais, raster e mistas<br data-start=\"1232\" data-end=\"1235\" \/>\u2022 Ilustra\u00e7\u00e3o 3D e escultura digital para visuais de produto<br data-start=\"1294\" data-end=\"1297\" \/>\u2022 Desenvolvimento de conceito do in\u00edcio \u00e0 arte final<\/p>\t\t\t\t\t\t\t\t<\/div>\n\t\t\t\t<\/div>\n\t\t\t\t\t<\/div>\n\t\t<\/div>\n\t\t\t\t\t<\/div>\n\t\t<\/section>\n\t\t\t\t<\/div>\n\t\t","protected":false},"excerpt":{"rendered":"<p>About My Story I\u2019m a Brazilian illustrator currently based in Chicago, United States. My creative journey began in 1990, working in design studios, advertising agencies, and flexographic plate-making bureaus, where I developed a strong foundation in graphic arts and print production. In 2003, I founded my own studio in Mar\u00edlia, S\u00e3o Paulo, focusing on packaging design and illustration. Since then, I\u2019ve built extensive experience creating visual solutions that combine creativity, technical precision, and production requirements. Today, I work with clients across different markets, creating illustrations that balance aesthetics, storytelling, and real-world application. I\u2019m currently available for freelance collaborations in illustration and visual communication projects. About Me My Skills \u2022 Illustration for food, products, characters, and branding\u2022 Traditional illustration combined with digital workflows\u2022 Strong focus on visual storytelling and commercial appeal\u2022 Bold compositions designed for advertising and packaging impact\u2022 Vector, raster, and mixed-media techniques\u2022 3D illustration and digital sculpting for product visuals\u2022 Concept development from idea to final execution<\/p>\n","protected":false},"author":1,"featured_media":0,"parent":0,"menu_order":0,"comment_status":"closed","ping_status":"closed","template":"elementor_canvas","meta":{"_joinchat":[],"footnotes":""},"class_list":["post-76","page","type-page","status-publish","hentry"],"_links":{"self":[{"href":"https:\/\/rfj.art.br\/pt\/wp-json\/wp\/v2\/pages\/76","targetHints":{"allow":["GET"]}}],"collection":[{"href":"https:\/\/rfj.art.br\/pt\/wp-json\/wp\/v2\/pages"}],"about":[{"href":"https:\/\/rfj.art.br\/pt\/wp-json\/wp\/v2\/types\/page"}],"author":[{"embeddable":true,"href":"https:\/\/rfj.art.br\/pt\/wp-json\/wp\/v2\/users\/1"}],"replies":[{"embeddable":true,"href":"https:\/\/rfj.art.br\/pt\/wp-json\/wp\/v2\/comments?post=76"}],"version-history":[{"count":48,"href":"https:\/\/rfj.art.br\/pt\/wp-json\/wp\/v2\/pages\/76\/revisions"}],"predecessor-version":[{"id":3966,"href":"https:\/\/rfj.art.br\/pt\/wp-json\/wp\/v2\/pages\/76\/revisions\/3966"}],"wp:attachment":[{"href":"https:\/\/rfj.art.br\/pt\/wp-json\/wp\/v2\/media?parent=76"}],"curies":[{"name":"wp","href":"https:\/\/api.w.org\/{rel}","templated":true}]}}